{"id":1547,"date":"2016-02-12T07:54:41","date_gmt":"2016-02-12T07:54:41","guid":{"rendered":"https:\/\/www.inoclean.be\/index.php\/home\/"},"modified":"2016-02-12T07:54:41","modified_gmt":"2016-02-12T07:54:41","slug":"home","status":"publish","type":"page","link":"https:\/\/www.inoclean.be\/index.php\/home\/?lang=nl","title":{"rendered":"Home"},"content":{"rendered":"","protected":false},"excerpt":{"rendered":"","protected":false},"author":1,"featured_media":0,"parent":0,"menu_order":0,"comment_status":"closed","ping_status":"closed","template":"template-frontpage.php","meta":[],"yoast_head":"<!-- This site is optimized with the Yoast SEO plugin v19.14 - https:\/\/yoast.com\/wordpress\/plugins\/seo\/ -->\n<title>Inoclean - Much more than cleaning<\/title>\n<meta name=\"description\" content=\"Inoclean propose une gamme compl\u00e8te de services de nettoyage : nettoyage quotidien et p\u00e9riodique des bureaux, nettoyage sp\u00e9cialis\u00e9, grand nettoyage, nettoyage industriel, facility management sur mesure. Inoclean a \u00e9galement mis sur pied un service d\u2019intervention rapide et a obtenu de nombreux dipl\u00f4mes et certifications assurant la garantie d\u2019un service de qualit\u00e9.\" \/>\n<meta name=\"robots\" content=\"index, follow, max-snippet:-1, max-image-preview:large, max-video-preview:-1\" \/>\n<link rel=\"canonical\" href=\"https:\/\/www.inoclean.be\/index.php\/home\/\" \/>\n<meta property=\"og:locale\" content=\"fr_FR\" \/>\n<meta property=\"og:type\" content=\"article\" \/>\n<meta property=\"og:title\" content=\"Inoclean - Much more than cleaning\" \/>\n<meta property=\"og:description\" content=\"Inoclean propose une gamme compl\u00e8te de services de nettoyage : nettoyage quotidien et p\u00e9riodique des bureaux, nettoyage sp\u00e9cialis\u00e9, grand nettoyage, nettoyage industriel, facility management sur mesure. Inoclean a \u00e9galement mis sur pied un service d\u2019intervention rapide et a obtenu de nombreux dipl\u00f4mes et certifications assurant la garantie d\u2019un service de qualit\u00e9.\" \/>\n<meta property=\"og:url\" content=\"https:\/\/www.inoclean.be\/index.php\/home\/?lang=nl\" \/>\n<meta property=\"og:site_name\" content=\"Inoclean - Much more than cleaning\" \/>\n<meta name=\"twitter:card\" content=\"summary_large_image\" \/>\n<script type=\"application\/ld+json\" class=\"yoast-schema-graph\">{\"@context\":\"https:\/\/schema.org\",\"@graph\":[{\"@type\":\"WebPage\",\"@id\":\"https:\/\/www.inoclean.be\/index.php\/home\/?lang=nl\",\"url\":\"https:\/\/www.inoclean.be\/index.php\/home\/?lang=nl\",\"name\":\"Inoclean - Much more than cleaning\",\"isPartOf\":{\"@id\":\"https:\/\/www.inoclean.be\/#website\"},\"datePublished\":\"2016-02-12T07:54:41+00:00\",\"dateModified\":\"2016-02-12T07:54:41+00:00\",\"description\":\"Inoclean propose une gamme compl\u00e8te de services de nettoyage : nettoyage quotidien et p\u00e9riodique des bureaux, nettoyage sp\u00e9cialis\u00e9, grand nettoyage, nettoyage industriel, facility management sur mesure. Inoclean a \u00e9galement mis sur pied un service d\u2019intervention rapide et a obtenu de nombreux dipl\u00f4mes et certifications assurant la garantie d\u2019un service de qualit\u00e9.\",\"breadcrumb\":{\"@id\":\"https:\/\/www.inoclean.be\/index.php\/home\/?lang=nl#breadcrumb\"},\"inLanguage\":\"fr-FR\",\"potentialAction\":[{\"@type\":\"ReadAction\",\"target\":[\"https:\/\/www.inoclean.be\/index.php\/home\/?lang=nl\"]}]},{\"@type\":\"BreadcrumbList\",\"@id\":\"https:\/\/www.inoclean.be\/index.php\/home\/?lang=nl#breadcrumb\",\"itemListElement\":[{\"@type\":\"ListItem\",\"position\":1,\"name\":\"Accueil\",\"item\":\"https:\/\/www.inoclean.be\/\"},{\"@type\":\"ListItem\",\"position\":2,\"name\":\"Home\"}]},{\"@type\":\"WebSite\",\"@id\":\"https:\/\/www.inoclean.be\/#website\",\"url\":\"https:\/\/www.inoclean.be\/\",\"name\":\"Inoclean - Much more than cleaning\",\"description\":\"Nettoyage p\u00e9riode, quotidien, industriel &amp; sp\u00e9cialis\u00e9\",\"publisher\":{\"@id\":\"https:\/\/www.inoclean.be\/#organization\"},\"potentialAction\":[{\"@type\":\"SearchAction\",\"target\":{\"@type\":\"EntryPoint\",\"urlTemplate\":\"https:\/\/www.inoclean.be\/?s={search_term_string}\"},\"query-input\":\"required name=search_term_string\"}],\"inLanguage\":\"fr-FR\"},{\"@type\":\"Organization\",\"@id\":\"https:\/\/www.inoclean.be\/#organization\",\"name\":\"Inoclean - Much more than cleaning\",\"url\":\"https:\/\/www.inoclean.be\/\",\"logo\":{\"@type\":\"ImageObject\",\"inLanguage\":\"fr-FR\",\"@id\":\"https:\/\/www.inoclean.be\/#\/schema\/logo\/image\/\",\"url\":\"https:\/\/www.inoclean.be\/wp-content\/uploads\/2020\/10\/cropped-Sans-titretesino2.png\",\"contentUrl\":\"https:\/\/www.inoclean.be\/wp-content\/uploads\/2020\/10\/cropped-Sans-titretesino2.png\",\"width\":152,\"height\":34,\"caption\":\"Inoclean - Much more than cleaning\"},\"image\":{\"@id\":\"https:\/\/www.inoclean.be\/#\/schema\/logo\/image\/\"}}]}<\/script>\n<!-- \/ Yoast SEO plugin. -->","yoast_head_json":{"title":"Inoclean - Much more than cleaning","description":"Inoclean propose une gamme compl\u00e8te de services de nettoyage : nettoyage quotidien et p\u00e9riodique des bureaux, nettoyage sp\u00e9cialis\u00e9, grand nettoyage, nettoyage industriel, facility management sur mesure. Inoclean a \u00e9galement mis sur pied un service d\u2019intervention rapide et a obtenu de nombreux dipl\u00f4mes et certifications assurant la garantie d\u2019un service de qualit\u00e9.","robots":{"index":"index","follow":"follow","max-snippet":"max-snippet:-1","max-image-preview":"max-image-preview:large","max-video-preview":"max-video-preview:-1"},"canonical":"https:\/\/www.inoclean.be\/index.php\/home\/","og_locale":"fr_FR","og_type":"article","og_title":"Inoclean - Much more than cleaning","og_description":"Inoclean propose une gamme compl\u00e8te de services de nettoyage : nettoyage quotidien et p\u00e9riodique des bureaux, nettoyage sp\u00e9cialis\u00e9, grand nettoyage, nettoyage industriel, facility management sur mesure. Inoclean a \u00e9galement mis sur pied un service d\u2019intervention rapide et a obtenu de nombreux dipl\u00f4mes et certifications assurant la garantie d\u2019un service de qualit\u00e9.","og_url":"https:\/\/www.inoclean.be\/index.php\/home\/?lang=nl","og_site_name":"Inoclean - Much more than cleaning","twitter_card":"summary_large_image","schema":{"@context":"https:\/\/schema.org","@graph":[{"@type":"WebPage","@id":"https:\/\/www.inoclean.be\/index.php\/home\/?lang=nl","url":"https:\/\/www.inoclean.be\/index.php\/home\/?lang=nl","name":"Inoclean - Much more than cleaning","isPartOf":{"@id":"https:\/\/www.inoclean.be\/#website"},"datePublished":"2016-02-12T07:54:41+00:00","dateModified":"2016-02-12T07:54:41+00:00","description":"Inoclean propose une gamme compl\u00e8te de services de nettoyage : nettoyage quotidien et p\u00e9riodique des bureaux, nettoyage sp\u00e9cialis\u00e9, grand nettoyage, nettoyage industriel, facility management sur mesure. Inoclean a \u00e9galement mis sur pied un service d\u2019intervention rapide et a obtenu de nombreux dipl\u00f4mes et certifications assurant la garantie d\u2019un service de qualit\u00e9.","breadcrumb":{"@id":"https:\/\/www.inoclean.be\/index.php\/home\/?lang=nl#breadcrumb"},"inLanguage":"fr-FR","potentialAction":[{"@type":"ReadAction","target":["https:\/\/www.inoclean.be\/index.php\/home\/?lang=nl"]}]},{"@type":"BreadcrumbList","@id":"https:\/\/www.inoclean.be\/index.php\/home\/?lang=nl#breadcrumb","itemListElement":[{"@type":"ListItem","position":1,"name":"Accueil","item":"https:\/\/www.inoclean.be\/"},{"@type":"ListItem","position":2,"name":"Home"}]},{"@type":"WebSite","@id":"https:\/\/www.inoclean.be\/#website","url":"https:\/\/www.inoclean.be\/","name":"Inoclean - Much more than cleaning","description":"Nettoyage p\u00e9riode, quotidien, industriel &amp; sp\u00e9cialis\u00e9","publisher":{"@id":"https:\/\/www.inoclean.be\/#organization"},"potentialAction":[{"@type":"SearchAction","target":{"@type":"EntryPoint","urlTemplate":"https:\/\/www.inoclean.be\/?s={search_term_string}"},"query-input":"required name=search_term_string"}],"inLanguage":"fr-FR"},{"@type":"Organization","@id":"https:\/\/www.inoclean.be\/#organization","name":"Inoclean - Much more than cleaning","url":"https:\/\/www.inoclean.be\/","logo":{"@type":"ImageObject","inLanguage":"fr-FR","@id":"https:\/\/www.inoclean.be\/#\/schema\/logo\/image\/","url":"https:\/\/www.inoclean.be\/wp-content\/uploads\/2020\/10\/cropped-Sans-titretesino2.png","contentUrl":"https:\/\/www.inoclean.be\/wp-content\/uploads\/2020\/10\/cropped-Sans-titretesino2.png","width":152,"height":34,"caption":"Inoclean - Much more than cleaning"},"image":{"@id":"https:\/\/www.inoclean.be\/#\/schema\/logo\/image\/"}}]}},"_links":{"self":[{"href":"https:\/\/www.inoclean.be\/index.php\/wp-json\/wp\/v2\/pages\/1547"}],"collection":[{"href":"https:\/\/www.inoclean.be\/index.php\/wp-json\/wp\/v2\/pages"}],"about":[{"href":"https:\/\/www.inoclean.be\/index.php\/wp-json\/wp\/v2\/types\/page"}],"author":[{"embeddable":true,"href":"https:\/\/www.inoclean.be\/index.php\/wp-json\/wp\/v2\/users\/1"}],"replies":[{"embeddable":true,"href":"https:\/\/www.inoclean.be\/index.php\/wp-json\/wp\/v2\/comments?post=1547"}],"version-history":[{"count":0,"href":"https:\/\/www.inoclean.be\/index.php\/wp-json\/wp\/v2\/pages\/1547\/revisions"}],"wp:attachment":[{"href":"https:\/\/www.inoclean.be\/index.php\/wp-json\/wp\/v2\/media?parent=1547"}],"curies":[{"name":"wp","href":"https:\/\/api.w.org\/{rel}","templated":true}]}}